{"id":3642,"date":"2025-07-15T13:28:58","date_gmt":"2025-07-15T13:28:58","guid":{"rendered":"https:\/\/rufus.com.tr\/?post_type=product&#038;p=3642"},"modified":"2026-01-14T23:54:44","modified_gmt":"2026-01-14T20:54:44","slug":"keratolitik-jel-podo-active-professional-250ml","status":"publish","type":"product","link":"https:\/\/rufus.com.tr\/en\/product\/keratolitik-jel-podo-active-professional-250ml\/","title":{"rendered":"KERATOL\u0130T\u0130K JEL PODO-ACTIVE 250 ml"},"content":{"rendered":"<p>Podologlar ve medikal pedik\u00fcr uzmanlar\u0131 i\u00e7in keratolitik jel.<br \/>\n%25 \u00fcre + spirulina \u00f6z\u00fc + probiyotikler + akvaporin aktivat\u00f6rleri i\u00e7erir.<br \/>\nHiperkeratoz, nas\u0131r, kallus ve \u00e7atlaklarla \u00e7al\u0131\u015fmak i\u00e7in yo\u011fun etkili bir keratolitiktir.<br \/>\n%25 \u00fcre bazl\u0131 form\u00fcl\u00fc sayesinde kal\u0131nla\u015fm\u0131\u015f cildi etkili \u015fekilde yumu\u015fat\u0131r, sa\u011fl\u0131kl\u0131 dokulara zarar vermeden nazik\u00e7e temizlenmesini sa\u011flar.<br \/>\n\u00dcr\u00fcn konsepti:<br \/>\nCilt mikrobiyomunu destekler, yo\u011fun nem sa\u011flar, rejenerasyonu te\u015fvik eder ve hidrolipid bariyerini onar\u0131r.<\/p>\n","protected":false},"excerpt":{"rendered":"<p>Podologlar ve medikal pedik\u00fcr uzmanlar\u0131 i\u00e7in keratolitik jel.<\/p>\n","protected":false},"featured_media":3630,"comment_status":"open","ping_status":"closed","template":"","meta":[],"product_cat":[84],"product_tag":[82],"class_list":{"0":"post-3642","1":"product","2":"type-product","3":"status-publish","4":"has-post-thumbnail","6":"product_cat-keratolitik-expert","7":"product_tag-medikal-pedikur","9":"first","10":"instock","11":"shipping-taxable","12":"purchasable","13":"product-type-simple"},"_links":{"self":[{"href":"https:\/\/rufus.com.tr\/en\/wp-json\/wp\/v2\/product\/3642","targetHints":{"allow":["GET"]}}],"collection":[{"href":"https:\/\/rufus.com.tr\/en\/wp-json\/wp\/v2\/product"}],"about":[{"href":"https:\/\/rufus.com.tr\/en\/wp-json\/wp\/v2\/types\/product"}],"replies":[{"embeddable":true,"href":"https:\/\/rufus.com.tr\/en\/wp-json\/wp\/v2\/comments?post=3642"}],"version-history":[{"count":3,"href":"https:\/\/rufus.com.tr\/en\/wp-json\/wp\/v2\/product\/3642\/revisions"}],"predecessor-version":[{"id":6673,"href":"https:\/\/rufus.com.tr\/en\/wp-json\/wp\/v2\/product\/3642\/revisions\/6673"}],"wp:featuredmedia":[{"embeddable":true,"href":"https:\/\/rufus.com.tr\/en\/wp-json\/wp\/v2\/media\/3630"}],"wp:attachment":[{"href":"https:\/\/rufus.com.tr\/en\/wp-json\/wp\/v2\/media?parent=3642"}],"wp:term":[{"taxonomy":"product_cat","embeddable":true,"href":"https:\/\/rufus.com.tr\/en\/wp-json\/wp\/v2\/product_cat?post=3642"},{"taxonomy":"product_tag","embeddable":true,"href":"https:\/\/rufus.com.tr\/en\/wp-json\/wp\/v2\/product_tag?post=3642"}],"curies":[{"name":"wp","href":"https:\/\/api.w.org\/{rel}","templated":true}]}}