{"id":3683,"date":"2025-07-18T12:23:21","date_gmt":"2025-07-18T12:23:21","guid":{"rendered":"https:\/\/rufus.com.tr\/shop\/podo-otium-innovative-200ml\/"},"modified":"2026-01-14T23:57:42","modified_gmt":"2026-01-14T20:57:42","slug":"podo-otium-innovative-200ml","status":"publish","type":"product","link":"https:\/\/rufus.com.tr\/en\/product\/podo-otium-innovative-200ml\/","title":{"rendered":"KERATOL\u0130T\u0130K SPREY PODO-OTIUM 250 ml"},"content":{"rendered":"<p>%25 \u00dcre + Salisilik Asit + Probiyotikler + Fitokompleks i\u00e7eren keratolitik sprey \u2014 pH 4.5+<br \/>\nT\u0131rnak \u00e7evresi ve hassas, hasar g\u00f6rm\u00fc\u015f ayak b\u00f6lgelerinde \u00e7al\u0131\u015fmak i\u00e7in geli\u015ftirilmi\u015f profesyonel keratolitik sprey.<br \/>\nT\u0131rnak pla\u011f\u0131 ile t\u0131rnak duvarlar\u0131 aras\u0131ndaki kal\u0131nla\u015fm\u0131\u015f ve keratinize olmu\u015f zor ula\u015f\u0131lan alanlar\u0131n nazik\u00e7e temizlenmesi i\u00e7in idealdir.<br \/>\nKuru cildi etkili \u015fekilde yumu\u015fat\u0131r, cildin fizyolojik dengesini ve koruyucu bariyerini bozmadan \u00e7al\u0131\u015f\u0131r.<br \/>\nHassas ve diyabetik ciltler i\u00e7in uygundur.<\/p>\n<p>\u00dcr\u00fcn konsepti:<br \/>\nAktif bile\u015fenler cildi nemlendirir, yeniler ve mikrobiyomu onar\u0131r.<\/p>\n","protected":false},"excerpt":{"rendered":"<p>%25 \u00dcre + Salisilik Asit + Probiyotikler + Fitokompleks i\u00e7eren keratolitik sprey \u2014 pH 4.5+ T\u0131rnak \u00e7evresi ve hassas, hasar g\u00f6rm\u00fc\u015f ayak&hellip;<\/p>\n","protected":false},"featured_media":3629,"comment_status":"open","ping_status":"closed","template":"","meta":[],"product_cat":[84],"product_tag":[],"class_list":{"0":"post-3683","1":"product","2":"type-product","3":"status-publish","4":"has-post-thumbnail","6":"product_cat-keratolitik-expert","8":"first","9":"instock","10":"shipping-taxable","11":"purchasable","12":"product-type-simple"},"_links":{"self":[{"href":"https:\/\/rufus.com.tr\/en\/wp-json\/wp\/v2\/product\/3683","targetHints":{"allow":["GET"]}}],"collection":[{"href":"https:\/\/rufus.com.tr\/en\/wp-json\/wp\/v2\/product"}],"about":[{"href":"https:\/\/rufus.com.tr\/en\/wp-json\/wp\/v2\/types\/product"}],"replies":[{"embeddable":true,"href":"https:\/\/rufus.com.tr\/en\/wp-json\/wp\/v2\/comments?post=3683"}],"version-history":[{"count":4,"href":"https:\/\/rufus.com.tr\/en\/wp-json\/wp\/v2\/product\/3683\/revisions"}],"predecessor-version":[{"id":6674,"href":"https:\/\/rufus.com.tr\/en\/wp-json\/wp\/v2\/product\/3683\/revisions\/6674"}],"wp:featuredmedia":[{"embeddable":true,"href":"https:\/\/rufus.com.tr\/en\/wp-json\/wp\/v2\/media\/3629"}],"wp:attachment":[{"href":"https:\/\/rufus.com.tr\/en\/wp-json\/wp\/v2\/media?parent=3683"}],"wp:term":[{"taxonomy":"product_cat","embeddable":true,"href":"https:\/\/rufus.com.tr\/en\/wp-json\/wp\/v2\/product_cat?post=3683"},{"taxonomy":"product_tag","embeddable":true,"href":"https:\/\/rufus.com.tr\/en\/wp-json\/wp\/v2\/product_tag?post=3683"}],"curies":[{"name":"wp","href":"https:\/\/api.w.org\/{rel}","templated":true}]}}