{"id":3684,"date":"2025-07-18T12:23:21","date_gmt":"2025-07-18T12:23:21","guid":{"rendered":"https:\/\/rufus.com.tr\/shop\/podo-mousse-pro-2-in1-150ml\/"},"modified":"2026-01-28T18:40:07","modified_gmt":"2026-01-28T15:40:07","slug":"podo-mousse-pro-2-in1-150ml","status":"publish","type":"product","link":"https:\/\/rufus.com.tr\/en\/product\/podo-mousse-pro-2-in1-150ml\/","title":{"rendered":"PODO MOUSSE PRO 2 in 1  150 ml"},"content":{"rendered":"<p>Yumu\u015fak etkili, y\u00fcksek performansl\u0131 profesyonel keratolitik k\u00f6p\u00fck; aktif nemlendirme ve \u00f6zel i\u00e7eriklerle zenginle\u015ftirilmi\u015ftir.<br \/>\nForm\u00fcl\u00fc, pedik\u00fcr\/manik\u00fcr \u00f6ncesi cildi haz\u0131rlamak i\u00e7in veya i\u015flem sonras\u0131 krem yerine kullan\u0131lmak \u00fczere tasarlanm\u0131\u015ft\u0131r.<\/p>\n<p>\u00dcr\u00fcn, keratinize olmu\u015f b\u00f6lgeleri nazik\u00e7e yumu\u015fat\u0131r, frezelerle \u00e7al\u0131\u015f\u0131rken travmay\u0131 azalt\u0131r, rejenerasyon s\u00fcre\u00e7lerini destekler ve cilt mikrobiyomunu korur.<br \/>\nHassas, hasar g\u00f6rm\u00fc\u015f ve diyabetik ciltler i\u00e7in idealdir.<\/p>\n","protected":false},"excerpt":{"rendered":"<p>Yumu\u015fak etkili, y\u00fcksek performansl\u0131 profesyonel keratolitik k\u00f6p\u00fck; aktif nemlendirme ve \u00f6zel i\u00e7eriklerle zenginle\u015ftirilmi\u015ftir. Form\u00fcl\u00fc, pedik\u00fcr\/manik\u00fcr \u00f6ncesi cildi haz\u0131rlamak i\u00e7in veya i\u015flem sonras\u0131&hellip;<\/p>\n","protected":false},"featured_media":3633,"comment_status":"open","ping_status":"closed","template":"","meta":[],"product_cat":[84],"product_tag":[],"class_list":{"0":"post-3684","1":"product","2":"type-product","3":"status-publish","4":"has-post-thumbnail","6":"product_cat-keratolitik-expert","8":"first","9":"instock","10":"shipping-taxable","11":"purchasable","12":"product-type-simple"},"_links":{"self":[{"href":"https:\/\/rufus.com.tr\/en\/wp-json\/wp\/v2\/product\/3684","targetHints":{"allow":["GET"]}}],"collection":[{"href":"https:\/\/rufus.com.tr\/en\/wp-json\/wp\/v2\/product"}],"about":[{"href":"https:\/\/rufus.com.tr\/en\/wp-json\/wp\/v2\/types\/product"}],"replies":[{"embeddable":true,"href":"https:\/\/rufus.com.tr\/en\/wp-json\/wp\/v2\/comments?post=3684"}],"version-history":[{"count":2,"href":"https:\/\/rufus.com.tr\/en\/wp-json\/wp\/v2\/product\/3684\/revisions"}],"predecessor-version":[{"id":6671,"href":"https:\/\/rufus.com.tr\/en\/wp-json\/wp\/v2\/product\/3684\/revisions\/6671"}],"wp:featuredmedia":[{"embeddable":true,"href":"https:\/\/rufus.com.tr\/en\/wp-json\/wp\/v2\/media\/3633"}],"wp:attachment":[{"href":"https:\/\/rufus.com.tr\/en\/wp-json\/wp\/v2\/media?parent=3684"}],"wp:term":[{"taxonomy":"product_cat","embeddable":true,"href":"https:\/\/rufus.com.tr\/en\/wp-json\/wp\/v2\/product_cat?post=3684"},{"taxonomy":"product_tag","embeddable":true,"href":"https:\/\/rufus.com.tr\/en\/wp-json\/wp\/v2\/product_tag?post=3684"}],"curies":[{"name":"wp","href":"https:\/\/api.w.org\/{rel}","templated":true}]}}