{"id":3819,"date":"2025-07-28T10:06:03","date_gmt":"2025-07-28T10:06:03","guid":{"rendered":"https:\/\/rufus.com.tr\/shop\/modum-zinccream-50-ml\/"},"modified":"2026-01-14T23:39:01","modified_gmt":"2026-01-14T20:39:01","slug":"modum-zinccream-50-ml","status":"publish","type":"product","link":"https:\/\/rufus.com.tr\/en\/product\/modum-zinccream-50-ml\/","title":{"rendered":"MODUM ZINC CREAM 50 ml"},"content":{"rendered":"<p>A\u015f\u0131r\u0131 terleme sorununun d\u00fczeltilmesi, ciltte macerasyon ve tahri\u015flerin \u00f6nlenmesi i\u00e7in tasarlanm\u0131\u015f krem. Fazla terlemeye yatk\u0131n ciltte rahats\u0131zl\u0131k ve k\u00f6t\u00fc kokuyu giderirken, terleme fonksiyonunu bozmaz, \u00f6zellikle ayaklar, avu\u00e7 i\u00e7leri ve koltuk altlar\u0131 gibi hipergidrozun oldu\u011fu b\u00f6lgelerde.<\/p>\n<p>\u00dcr\u00fcn Konsepti:<br \/>\nBu krem, terlemeyi engelleyen agresif bile\u015fenler i\u00e7ermez; bunun yerine terlemeyi d\u00fczenler ve suya ya\u011f dengesini destekler, uzun s\u00fcreli konfor sa\u011flar.<\/p>\n","protected":false},"excerpt":{"rendered":"<p>Profesyonel Terleme Kontrol Kremi, \u00c7inko, Probiyotikler ve Fitokomponent Kompleksi ile<\/p>\n","protected":false},"featured_media":3625,"comment_status":"open","ping_status":"closed","template":"","meta":[],"product_cat":[91],"product_tag":[],"class_list":{"0":"post-3819","1":"product","2":"type-product","3":"status-publish","4":"has-post-thumbnail","6":"product_cat-zinc","8":"first","9":"instock","10":"shipping-taxable","11":"purchasable","12":"product-type-simple"},"_links":{"self":[{"href":"https:\/\/rufus.com.tr\/en\/wp-json\/wp\/v2\/product\/3819","targetHints":{"allow":["GET"]}}],"collection":[{"href":"https:\/\/rufus.com.tr\/en\/wp-json\/wp\/v2\/product"}],"about":[{"href":"https:\/\/rufus.com.tr\/en\/wp-json\/wp\/v2\/types\/product"}],"replies":[{"embeddable":true,"href":"https:\/\/rufus.com.tr\/en\/wp-json\/wp\/v2\/comments?post=3819"}],"version-history":[{"count":2,"href":"https:\/\/rufus.com.tr\/en\/wp-json\/wp\/v2\/product\/3819\/revisions"}],"predecessor-version":[{"id":6601,"href":"https:\/\/rufus.com.tr\/en\/wp-json\/wp\/v2\/product\/3819\/revisions\/6601"}],"wp:featuredmedia":[{"embeddable":true,"href":"https:\/\/rufus.com.tr\/en\/wp-json\/wp\/v2\/media\/3625"}],"wp:attachment":[{"href":"https:\/\/rufus.com.tr\/en\/wp-json\/wp\/v2\/media?parent=3819"}],"wp:term":[{"taxonomy":"product_cat","embeddable":true,"href":"https:\/\/rufus.com.tr\/en\/wp-json\/wp\/v2\/product_cat?post=3819"},{"taxonomy":"product_tag","embeddable":true,"href":"https:\/\/rufus.com.tr\/en\/wp-json\/wp\/v2\/product_tag?post=3819"}],"curies":[{"name":"wp","href":"https:\/\/api.w.org\/{rel}","templated":true}]}}