{"id":3822,"date":"2025-07-28T10:06:04","date_gmt":"2025-07-28T10:06:04","guid":{"rendered":"https:\/\/rufus.com.tr\/shop\/collagen-oil-in-water-20ml\/"},"modified":"2026-01-14T23:37:21","modified_gmt":"2026-01-14T20:37:21","slug":"collagen-oil-in-water-20ml","status":"publish","type":"product","link":"https:\/\/rufus.com.tr\/en\/product\/collagen-oil-in-water-20ml\/","title":{"rendered":"TIRNAK VE C\u0130LT KOLAJEN\u0130  COLLAGEN IN OIL &#038; WATER  20ml"},"content":{"rendered":"<p>K\u0131r\u0131lgan ve hasara yatk\u0131n t\u0131rnaklar, kirpikler ve ka\u015flar i\u00e7in devrim niteli\u011finde bir \u00fcr\u00fcn. Yo\u011fun form\u00fcl, keratin matriksini etkin bir \u015fekilde yeniden yap\u0131land\u0131r\u0131r, yo\u011funluk ve elastikiyet kazand\u0131r\u0131r, yap\u0131y\u0131 g\u00fc\u00e7lendirir ve cilt mikrobiomunu destekler.<br \/>\nHem tek ba\u015f\u0131na kullan\u0131m i\u00e7in hem de g\u00fcnl\u00fck bak\u0131mda temel kozmetik \u00fcr\u00fcnlerinizi zenginle\u015ftirmek i\u00e7in uygundur.<br \/>\n\u00dcr\u00fcn Konsepti:<br \/>\nSWOP teknolojisi, suya \u00e7\u00f6z\u00fcnebilen ve ya\u011fda \u00e7\u00f6z\u00fcnebilen bile\u015fenleri birle\u015ftirir, bu da bile\u015fenlerin penetrasyon kabiliyetini art\u0131rarak nemlendirme, beslenme ve yenileme konular\u0131nda uzun vadeli sonu\u00e7lar sa\u011flar.<\/p>\n","protected":false},"excerpt":{"rendered":"<p>Yo\u011fun Yenilenme Serumu. 15+ Etkin Bile\u015fen ve SWOP Teknolojisi ile<\/p>\n","protected":false},"featured_media":3773,"comment_status":"open","ping_status":"closed","template":"","meta":[],"product_cat":[93],"product_tag":[],"class_list":{"0":"post-3822","1":"product","2":"type-product","3":"status-publish","4":"has-post-thumbnail","6":"product_cat-collagen-takehome","8":"first","9":"instock","10":"shipping-taxable","11":"purchasable","12":"product-type-simple"},"_links":{"self":[{"href":"https:\/\/rufus.com.tr\/en\/wp-json\/wp\/v2\/product\/3822","targetHints":{"allow":["GET"]}}],"collection":[{"href":"https:\/\/rufus.com.tr\/en\/wp-json\/wp\/v2\/product"}],"about":[{"href":"https:\/\/rufus.com.tr\/en\/wp-json\/wp\/v2\/types\/product"}],"replies":[{"embeddable":true,"href":"https:\/\/rufus.com.tr\/en\/wp-json\/wp\/v2\/comments?post=3822"}],"version-history":[{"count":1,"href":"https:\/\/rufus.com.tr\/en\/wp-json\/wp\/v2\/product\/3822\/revisions"}],"predecessor-version":[{"id":6661,"href":"https:\/\/rufus.com.tr\/en\/wp-json\/wp\/v2\/product\/3822\/revisions\/6661"}],"wp:featuredmedia":[{"embeddable":true,"href":"https:\/\/rufus.com.tr\/en\/wp-json\/wp\/v2\/media\/3773"}],"wp:attachment":[{"href":"https:\/\/rufus.com.tr\/en\/wp-json\/wp\/v2\/media?parent=3822"}],"wp:term":[{"taxonomy":"product_cat","embeddable":true,"href":"https:\/\/rufus.com.tr\/en\/wp-json\/wp\/v2\/product_cat?post=3822"},{"taxonomy":"product_tag","embeddable":true,"href":"https:\/\/rufus.com.tr\/en\/wp-json\/wp\/v2\/product_tag?post=3822"}],"curies":[{"name":"wp","href":"https:\/\/api.w.org\/{rel}","templated":true}]}}