{"id":3824,"date":"2025-07-28T10:06:05","date_gmt":"2025-07-28T10:06:05","guid":{"rendered":"https:\/\/rufus.com.tr\/shop\/propolis-molecular-repair-15-ml\/"},"modified":"2026-02-07T19:20:33","modified_gmt":"2026-02-07T16:20:33","slug":"propolis-molecular-repair-15-ml","status":"publish","type":"product","link":"https:\/\/rufus.com.tr\/en\/product\/propolis-molecular-repair-15-ml\/","title":{"rendered":"TIRNAK VE C\u0130LT PROPOL\u0130S\u0130 15 ml"},"content":{"rendered":"<p>Y\u00fcksek etkinli\u011fe sahip propolis \u00f6z\u00fc, flavonoidler, vitaminler ve mineraller dahil olmak \u00fczere 200&#8217;den fazla aktif bile\u015fene sahiptir. Mikro yaralanmalar, \u00e7atlaklar, yaralar ve onikolizis tedavisi i\u00e7in idealdir, ayn\u0131 zamanda iltihaplar\u0131n ve enfeksiyonlar\u0131n \u00f6nlenmesine yard\u0131mc\u0131 olur. \u00dcr\u00fcn, belirgin antiseptik, anti-inflamatuar ve iyile\u015ftirici etkilere sahiptir.<br \/>\n\u00dcr\u00fcn Konsepti:<br \/>\nForm\u00fcl, zerde\u00e7al, kekik ve spirulina gibi do\u011fal antiseptiklerle g\u00fc\u00e7lendirilmi\u015ftir ve probiyotiklerle desteklenmi\u015ftir. Bu, terap\u00f6tik etkisini geni\u015fleterek, podoloji ve dermatoloji alanlar\u0131nda cilt koruma ve onar\u0131m\u0131nda etkinlik sa\u011flar.<\/p>\n","protected":false},"excerpt":{"rendered":"<p>Mikro Yaralanmalar\u0131n Tedavisi ve Cilt Korumas\u0131 \u0130\u00e7in Antiseptik Etkili \u00dcr\u00fcn<\/p>\n","protected":false},"featured_media":3787,"comment_status":"open","ping_status":"closed","template":"","meta":[],"product_cat":[94],"product_tag":[],"class_list":{"0":"post-3824","1":"product","2":"type-product","3":"status-publish","4":"has-post-thumbnail","6":"product_cat-propolis-takehome","7":"pa_problem-ayak-cildi-yaralanmalari","8":"pa_problem-kronik-enflamasyonlar","9":"pa_problem-onikomikoz","10":"pa_problem-post-mantar-durumu","12":"first","13":"instock","14":"shipping-taxable","15":"purchasable","16":"product-type-simple"},"_links":{"self":[{"href":"https:\/\/rufus.com.tr\/en\/wp-json\/wp\/v2\/product\/3824","targetHints":{"allow":["GET"]}}],"collection":[{"href":"https:\/\/rufus.com.tr\/en\/wp-json\/wp\/v2\/product"}],"about":[{"href":"https:\/\/rufus.com.tr\/en\/wp-json\/wp\/v2\/types\/product"}],"replies":[{"embeddable":true,"href":"https:\/\/rufus.com.tr\/en\/wp-json\/wp\/v2\/comments?post=3824"}],"version-history":[{"count":1,"href":"https:\/\/rufus.com.tr\/en\/wp-json\/wp\/v2\/product\/3824\/revisions"}],"predecessor-version":[{"id":6658,"href":"https:\/\/rufus.com.tr\/en\/wp-json\/wp\/v2\/product\/3824\/revisions\/6658"}],"wp:featuredmedia":[{"embeddable":true,"href":"https:\/\/rufus.com.tr\/en\/wp-json\/wp\/v2\/media\/3787"}],"wp:attachment":[{"href":"https:\/\/rufus.com.tr\/en\/wp-json\/wp\/v2\/media?parent=3824"}],"wp:term":[{"taxonomy":"product_cat","embeddable":true,"href":"https:\/\/rufus.com.tr\/en\/wp-json\/wp\/v2\/product_cat?post=3824"},{"taxonomy":"product_tag","embeddable":true,"href":"https:\/\/rufus.com.tr\/en\/wp-json\/wp\/v2\/product_tag?post=3824"}],"curies":[{"name":"wp","href":"https:\/\/api.w.org\/{rel}","templated":true}]}}