{"id":3686,"date":"2025-07-18T12:23:22","date_gmt":"2025-07-18T12:23:22","guid":{"rendered":"https:\/\/rufus.com.tr\/shop\/pure-shine-5-in-1-50ml\/"},"modified":"2026-01-28T18:40:07","modified_gmt":"2026-01-28T15:40:07","slug":"pure-shine-5-in-1-50ml","status":"publish","type":"product","link":"https:\/\/rufus.com.tr\/ru\/product\/pure-shine-5-in-1-50ml\/","title":{"rendered":"H\u0130DROF\u0130L\u0130K YA\u011e PURE SHINE 5 in1 50 ml"},"content":{"rendered":"<p>Topuk derisi ve t\u0131rnaklar i\u00e7in antioksidan korumal\u0131 cilalama ya\u011f\u0131.<br \/>\nParlatma, remuver ve kal\u0131nt\u0131lar\u0131 giderme, nemlendirme, besleme ve kuru cilt, \u00e7atlaklar, nas\u0131r ve keratinle\u015fmeye kar\u015f\u0131 koruma gibi temel i\u015flevleri yerine getirir.<br \/>\n\u00dcr\u00fcn konsepti:<br \/>\nUygulama sonras\u0131nda ustan\u0131n i\u015f\u00e7ili\u011fini vurgulayan profesyonel bir biti\u015f sa\u011flar.<br \/>\nCildi yat\u0131\u015ft\u0131r\u0131r, epidermal bariyeri g\u00fc\u00e7lendirir ve i\u015flem sonras\u0131 hassasiyeti azalt\u0131r.<\/p>\n","protected":false},"excerpt":{"rendered":"<p>Manik\u00fcr sonras\u0131 kutik\u00fcl ve t\u0131rnak kenarlar\u0131n\u0131, pedik\u00fcr sonras\u0131 ise ayak cildini parlatmak i\u00e7in ideal bir hidrofilik ya\u011f.<\/p>\n","protected":false},"featured_media":3586,"comment_status":"open","ping_status":"closed","template":"","meta":[],"product_cat":[85],"product_tag":[],"class_list":{"0":"post-3686","1":"product","2":"type-product","3":"status-publish","4":"has-post-thumbnail","6":"product_cat-oil","8":"first","9":"instock","10":"shipping-taxable","11":"purchasable","12":"product-type-simple"},"_links":{"self":[{"href":"https:\/\/rufus.com.tr\/ru\/wp-json\/wp\/v2\/product\/3686","targetHints":{"allow":["GET"]}}],"collection":[{"href":"https:\/\/rufus.com.tr\/ru\/wp-json\/wp\/v2\/product"}],"about":[{"href":"https:\/\/rufus.com.tr\/ru\/wp-json\/wp\/v2\/types\/product"}],"replies":[{"embeddable":true,"href":"https:\/\/rufus.com.tr\/ru\/wp-json\/wp\/v2\/comments?post=3686"}],"version-history":[{"count":1,"href":"https:\/\/rufus.com.tr\/ru\/wp-json\/wp\/v2\/product\/3686\/revisions"}],"predecessor-version":[{"id":6668,"href":"https:\/\/rufus.com.tr\/ru\/wp-json\/wp\/v2\/product\/3686\/revisions\/6668"}],"wp:featuredmedia":[{"embeddable":true,"href":"https:\/\/rufus.com.tr\/ru\/wp-json\/wp\/v2\/media\/3586"}],"wp:attachment":[{"href":"https:\/\/rufus.com.tr\/ru\/wp-json\/wp\/v2\/media?parent=3686"}],"wp:term":[{"taxonomy":"product_cat","embeddable":true,"href":"https:\/\/rufus.com.tr\/ru\/wp-json\/wp\/v2\/product_cat?post=3686"},{"taxonomy":"product_tag","embeddable":true,"href":"https:\/\/rufus.com.tr\/ru\/wp-json\/wp\/v2\/product_tag?post=3686"}],"curies":[{"name":"wp","href":"https:\/\/api.w.org\/{rel}","templated":true}]}}