{"id":3689,"date":"2025-07-18T12:23:22","date_gmt":"2025-07-18T12:23:22","guid":{"rendered":"https:\/\/rufus.com.tr\/shop\/propolis-molecular-repair-30ml\/"},"modified":"2026-01-14T23:48:04","modified_gmt":"2026-01-14T20:48:04","slug":"propolis-molecular-repair-30ml","status":"publish","type":"product","link":"https:\/\/rufus.com.tr\/ru\/product\/propolis-molecular-repair-30ml\/","title":{"rendered":"PROPOLIS Molecular Repair 30 ml"},"content":{"rendered":"<p>Yaralar, \u00e7atlaklar ve hasar g\u00f6rm\u00fc\u015f cilt\/t\u0131rnak b\u00f6lgeleri i\u00e7in terap\u00f6tik etkisi y\u00fcksek profesyonel bak\u0131m \u00fcr\u00fcn\u00fc.<br \/>\nBat\u0131k t\u0131rnak, paroni\u015fi, \u00e7atlak, erozyon ve iltihapl\u0131 cilt durumlar\u0131nda etkilidir.<br \/>\nEpitelizasyonu, doku yenilenmesini ve iltihaplar\u0131n azalmas\u0131n\u0131 destekler.<br \/>\n\u00dcr\u00fcn konsepti:<br \/>\nBenzersiz biyoaktif form\u00fcl\u00fc, cilt ve t\u0131rna\u011f\u0131n en zorlu durumlar\u0131nda bile \u201cacil yard\u0131m sistemi\u201d gibi \u00e7al\u0131\u015f\u0131r.<\/p>\n","protected":false},"excerpt":{"rendered":"<p>Biyoaktif antiinflamatuar kompleks: propolis + zerde\u00e7al + kekik + spirulina + probiyotikler.<\/p>\n","protected":false},"featured_media":3623,"comment_status":"open","ping_status":"closed","template":"","meta":[],"product_cat":[87],"product_tag":[],"class_list":{"0":"post-3689","1":"product","2":"type-product","3":"status-publish","4":"has-post-thumbnail","6":"product_cat-propolis","8":"first","9":"instock","10":"shipping-taxable","11":"purchasable","12":"product-type-simple"},"_links":{"self":[{"href":"https:\/\/rufus.com.tr\/ru\/wp-json\/wp\/v2\/product\/3689","targetHints":{"allow":["GET"]}}],"collection":[{"href":"https:\/\/rufus.com.tr\/ru\/wp-json\/wp\/v2\/product"}],"about":[{"href":"https:\/\/rufus.com.tr\/ru\/wp-json\/wp\/v2\/types\/product"}],"replies":[{"embeddable":true,"href":"https:\/\/rufus.com.tr\/ru\/wp-json\/wp\/v2\/comments?post=3689"}],"version-history":[{"count":1,"href":"https:\/\/rufus.com.tr\/ru\/wp-json\/wp\/v2\/product\/3689\/revisions"}],"predecessor-version":[{"id":6667,"href":"https:\/\/rufus.com.tr\/ru\/wp-json\/wp\/v2\/product\/3689\/revisions\/6667"}],"wp:featuredmedia":[{"embeddable":true,"href":"https:\/\/rufus.com.tr\/ru\/wp-json\/wp\/v2\/media\/3623"}],"wp:attachment":[{"href":"https:\/\/rufus.com.tr\/ru\/wp-json\/wp\/v2\/media?parent=3689"}],"wp:term":[{"taxonomy":"product_cat","embeddable":true,"href":"https:\/\/rufus.com.tr\/ru\/wp-json\/wp\/v2\/product_cat?post=3689"},{"taxonomy":"product_tag","embeddable":true,"href":"https:\/\/rufus.com.tr\/ru\/wp-json\/wp\/v2\/product_tag?post=3689"}],"curies":[{"name":"wp","href":"https:\/\/api.w.org\/{rel}","templated":true}]}}