{"id":3691,"date":"2025-07-18T12:23:22","date_gmt":"2025-07-18T12:23:22","guid":{"rendered":"https:\/\/rufus.com.tr\/shop\/antioxidant-defense-el-kremi-400ml\/"},"modified":"2026-01-28T18:40:07","modified_gmt":"2026-01-28T15:40:07","slug":"antioxidant-defense-hand-cream-400ml","status":"publish","type":"product","link":"https:\/\/rufus.com.tr\/ru\/product\/antioxidant-defense-hand-cream-400ml\/","title":{"rendered":"ANTIOXIDANT DEFENSE EL VE V\u00dcCUT KREM\u0130 400 ml"},"content":{"rendered":"<p>Cildi \u00e7evresel fakt\u00f6rlerin, oksidatif stresin ve UV \u0131\u015f\u0131nlar\u0131n\u0131n zararl\u0131 etkilerine kar\u015f\u0131 derinlemesine onar\u0131r, besler ve korur.<\/p>\n<p>\u2022 Dermal matriksi g\u00fc\u00e7lendirir<br \/>\n\u2022 Kolajen sentezini destekler<br \/>\n\u2022 Ya\u015flanma kar\u015f\u0131t\u0131, antioksidan ve yenileyici etki sa\u011flar<br \/>\n\u2022 El derisinin kalitesini art\u0131r\u0131r ve t\u0131rnak bak\u0131m\u0131n\u0131 destekler<\/p>\n<p>Hafif ve eriyen dokusu h\u0131zla emilir, ya\u011fl\u0131 bir tabaka b\u0131rakmaz.<br \/>\nKuruluk, \u00e7atlaklar, k\u0131r\u0131\u015f\u0131kl\u0131klar, iltihaplanma ve foto ya\u015flanma gibi durumlarda d\u00fczenli kullan\u0131m i\u00e7in uygundur.<\/p>\n<p>\u00dcr\u00fcn konsepti:<br \/>\nEpigenetik ara\u015ft\u0131rmalara dayanarak geli\u015ftirilen bu krem, cildin gen\u00e7lik h\u00fccresel mekanizmalar\u0131n\u0131 aktive eder ve cilt DNA\u2019s\u0131n\u0131 ya\u015flanmaya kar\u015f\u0131 korur.<\/p>\n","protected":false},"excerpt":{"rendered":"<p><strong>\u00a0Y\u00fcksek etkili el kremi. Koenzim Q10 | Peptit Kompleksi | Retinol | Niasinamid | Hydagen\u00ae Aquaporin<\/strong><\/p>\n","protected":false},"featured_media":3610,"comment_status":"open","ping_status":"closed","template":"","meta":[],"product_cat":[88],"product_tag":[],"class_list":{"0":"post-3691","1":"product","2":"type-product","3":"status-publish","4":"has-post-thumbnail","6":"product_cat-hand-cream","8":"first","9":"instock","10":"shipping-taxable","11":"purchasable","12":"product-type-simple"},"_links":{"self":[{"href":"https:\/\/rufus.com.tr\/ru\/wp-json\/wp\/v2\/product\/3691","targetHints":{"allow":["GET"]}}],"collection":[{"href":"https:\/\/rufus.com.tr\/ru\/wp-json\/wp\/v2\/product"}],"about":[{"href":"https:\/\/rufus.com.tr\/ru\/wp-json\/wp\/v2\/types\/product"}],"replies":[{"embeddable":true,"href":"https:\/\/rufus.com.tr\/ru\/wp-json\/wp\/v2\/comments?post=3691"}],"version-history":[{"count":1,"href":"https:\/\/rufus.com.tr\/ru\/wp-json\/wp\/v2\/product\/3691\/revisions"}],"predecessor-version":[{"id":6665,"href":"https:\/\/rufus.com.tr\/ru\/wp-json\/wp\/v2\/product\/3691\/revisions\/6665"}],"wp:featuredmedia":[{"embeddable":true,"href":"https:\/\/rufus.com.tr\/ru\/wp-json\/wp\/v2\/media\/3610"}],"wp:attachment":[{"href":"https:\/\/rufus.com.tr\/ru\/wp-json\/wp\/v2\/media?parent=3691"}],"wp:term":[{"taxonomy":"product_cat","embeddable":true,"href":"https:\/\/rufus.com.tr\/ru\/wp-json\/wp\/v2\/product_cat?post=3691"},{"taxonomy":"product_tag","embeddable":true,"href":"https:\/\/rufus.com.tr\/ru\/wp-json\/wp\/v2\/product_tag?post=3691"}],"curies":[{"name":"wp","href":"https:\/\/api.w.org\/{rel}","templated":true}]}}