{"id":3817,"date":"2025-07-28T10:06:03","date_gmt":"2025-07-28T10:06:03","guid":{"rendered":"https:\/\/rufus.com.tr\/shop\/derma-footayak-kremi-400ml\/"},"modified":"2026-01-14T23:40:41","modified_gmt":"2026-01-14T20:40:41","slug":"derma-footayak-kremi-400ml","status":"publish","type":"product","link":"https:\/\/rufus.com.tr\/ru\/product\/derma-footayak-kremi-400ml\/","title":{"rendered":"DERMA FOOTAYAK KREM\u0130 400 ml"},"content":{"rendered":"<p>Derin nemlendirmeyi aktive eder<br \/>\nDoku yenilenmesini h\u0131zland\u0131r\u0131r<br \/>\nDerinin tekrar sertle\u015fmesini \u00f6nler<br \/>\nProfesyonel pedik\u00fcr\u00fcn son ad\u0131m\u0131 olarak ve evde kullan\u0131m i\u00e7in kurs baz\u0131nda idealdir.<br \/>\n\u00dcr\u00fcn konsepti: Hydagen\u00ae Aquaporin teknolojisi ve y\u00fcksek \u00fcre konsantrasyonu kullan\u0131larak, cildin do\u011fal nemlendirme s\u00fcre\u00e7lerini aktive etmek amac\u0131yla geli\u015ftirilmi\u015ftir.<\/p>\n","protected":false},"excerpt":{"rendered":"<p>Kurumu\u015f, kal\u0131nla\u015fm\u0131\u015f ve hiperkeratozlu topuk derisi i\u00e7in yo\u011fun nemlendirici krem<br \/>\n%20 \u00dcre, \u00e7oklu-peptit kompleksi, Hydagen\u00ae Aquaporin teknolojisi<\/p>\n","protected":false},"featured_media":3616,"comment_status":"open","ping_status":"closed","template":"","meta":[],"product_cat":[90],"product_tag":[],"class_list":{"0":"post-3817","1":"product","2":"type-product","3":"status-publish","4":"has-post-thumbnail","6":"product_cat-ayak-kremi","8":"first","9":"instock","10":"shipping-taxable","11":"purchasable","12":"product-type-simple"},"_links":{"self":[{"href":"https:\/\/rufus.com.tr\/ru\/wp-json\/wp\/v2\/product\/3817","targetHints":{"allow":["GET"]}}],"collection":[{"href":"https:\/\/rufus.com.tr\/ru\/wp-json\/wp\/v2\/product"}],"about":[{"href":"https:\/\/rufus.com.tr\/ru\/wp-json\/wp\/v2\/types\/product"}],"replies":[{"embeddable":true,"href":"https:\/\/rufus.com.tr\/ru\/wp-json\/wp\/v2\/comments?post=3817"}],"version-history":[{"count":1,"href":"https:\/\/rufus.com.tr\/ru\/wp-json\/wp\/v2\/product\/3817\/revisions"}],"predecessor-version":[{"id":6664,"href":"https:\/\/rufus.com.tr\/ru\/wp-json\/wp\/v2\/product\/3817\/revisions\/6664"}],"wp:featuredmedia":[{"embeddable":true,"href":"https:\/\/rufus.com.tr\/ru\/wp-json\/wp\/v2\/media\/3616"}],"wp:attachment":[{"href":"https:\/\/rufus.com.tr\/ru\/wp-json\/wp\/v2\/media?parent=3817"}],"wp:term":[{"taxonomy":"product_cat","embeddable":true,"href":"https:\/\/rufus.com.tr\/ru\/wp-json\/wp\/v2\/product_cat?post=3817"},{"taxonomy":"product_tag","embeddable":true,"href":"https:\/\/rufus.com.tr\/ru\/wp-json\/wp\/v2\/product_tag?post=3817"}],"curies":[{"name":"wp","href":"https:\/\/api.w.org\/{rel}","templated":true}]}}