{"id":3818,"date":"2025-07-28T10:06:03","date_gmt":"2025-07-28T10:06:03","guid":{"rendered":"https:\/\/rufus.com.tr\/shop\/protector-balanceayak-kremi-400ml\/"},"modified":"2026-01-14T23:39:59","modified_gmt":"2026-01-14T20:39:59","slug":"protector-balanceayak-kremi-400ml","status":"publish","type":"product","link":"https:\/\/rufus.com.tr\/ru\/product\/protector-balanceayak-kremi-400ml\/","title":{"rendered":"PROTECTOR BALANCE AYAK KREM\u0130 400 ml"},"content":{"rendered":"<p>Hassas, hasara yatk\u0131n ciltler i\u00e7in profesyonel krem, diyabetik ayak dahil. Cildin bariyer fonksiyonlar\u0131n\u0131 onar\u0131r, mikrobiomu destekler, iltihaplanmay\u0131 azalt\u0131r ve koruyucu fonksiyonlar\u0131 g\u00fc\u00e7lendirir. Hem podoloji prati\u011fi hem de evde destekleyici bak\u0131m i\u00e7in idealdir.<\/p>\n<p>\u00dcr\u00fcn Konsepti:<br \/>\nA vitamini, E vitamini ve pantenol (B5) i\u00e7eren g\u00fc\u00e7l\u00fc bir vitamin kompleksi ile form\u00fcle edilmi\u015f olup, cildin derinlemesine nemlenmesini ve onar\u0131m\u0131n\u0131 aktive eder.<\/p>\n","protected":false},"excerpt":{"rendered":"<p>Yenileyici Ayak Kremi, Spirulina, Kekik ve Zerde\u00e7al \u00d6zleri ile, Antimikrobiyal ve Anti-inflamatuar Etki<\/p>\n","protected":false},"featured_media":3614,"comment_status":"open","ping_status":"closed","template":"","meta":[],"product_cat":[90],"product_tag":[],"class_list":{"0":"post-3818","1":"product","2":"type-product","3":"status-publish","4":"has-post-thumbnail","6":"product_cat-ayak-kremi","8":"first","9":"instock","10":"shipping-taxable","11":"purchasable","12":"product-type-simple"},"_links":{"self":[{"href":"https:\/\/rufus.com.tr\/ru\/wp-json\/wp\/v2\/product\/3818","targetHints":{"allow":["GET"]}}],"collection":[{"href":"https:\/\/rufus.com.tr\/ru\/wp-json\/wp\/v2\/product"}],"about":[{"href":"https:\/\/rufus.com.tr\/ru\/wp-json\/wp\/v2\/types\/product"}],"replies":[{"embeddable":true,"href":"https:\/\/rufus.com.tr\/ru\/wp-json\/wp\/v2\/comments?post=3818"}],"version-history":[{"count":1,"href":"https:\/\/rufus.com.tr\/ru\/wp-json\/wp\/v2\/product\/3818\/revisions"}],"predecessor-version":[{"id":6663,"href":"https:\/\/rufus.com.tr\/ru\/wp-json\/wp\/v2\/product\/3818\/revisions\/6663"}],"wp:featuredmedia":[{"embeddable":true,"href":"https:\/\/rufus.com.tr\/ru\/wp-json\/wp\/v2\/media\/3614"}],"wp:attachment":[{"href":"https:\/\/rufus.com.tr\/ru\/wp-json\/wp\/v2\/media?parent=3818"}],"wp:term":[{"taxonomy":"product_cat","embeddable":true,"href":"https:\/\/rufus.com.tr\/ru\/wp-json\/wp\/v2\/product_cat?post=3818"},{"taxonomy":"product_tag","embeddable":true,"href":"https:\/\/rufus.com.tr\/ru\/wp-json\/wp\/v2\/product_tag?post=3818"}],"curies":[{"name":"wp","href":"https:\/\/api.w.org\/{rel}","templated":true}]}}