{"id":3828,"date":"2025-07-28T10:06:06","date_gmt":"2025-07-28T10:06:06","guid":{"rendered":"https:\/\/rufus.com.tr\/shop\/antioxidant-defenseel-kremi-100ml\/"},"modified":"2026-01-14T23:31:18","modified_gmt":"2026-01-14T20:31:18","slug":"antioxidant-defenseel-kremi-100ml","status":"publish","type":"product","link":"https:\/\/rufus.com.tr\/ru\/product\/antioxidant-defenseel-kremi-100ml\/","title":{"rendered":"ANTIOXIDANT EL VE V\u00dcCUT KREM\u0130 100 ml"},"content":{"rendered":"<p>Oksidatif stres, foto-ya\u015flanma ve d\u0131\u015f etkenlere kar\u015f\u0131 cilt korumas\u0131 sa\u011flamak i\u00e7in form\u00fcle edilmi\u015f profesyonel anti-aging el kremi. Antioksidanlar ve vitaminlerle zenginle\u015ftirilmi\u015f form\u00fcl, cildin elastikiyetini onar\u0131r, tonunu ve dokusunu d\u00fczeltir, pigmentasyonu ayd\u0131nlat\u0131r ve ya\u015flanma belirtilerini engeller.<br \/>\n\u00dcr\u00fcn Konsepti:<br \/>\nKrem, h\u00fccrelerin epigenetik aktivitesini destekler, dermisin yap\u0131s\u0131n\u0131 iyile\u015ftirir ve d\u0131\u015f streslere kar\u015f\u0131 direncini art\u0131r\u0131r.<\/p>\n","protected":false},"excerpt":{"rendered":"<p>Antioksidan Etkili Gen\u00e7le\u015ftirici El Kremi<br \/>\nKoenzim Q10 | Peptit Kompleksi | Retinol | Niasinamid | Hydagen\u00ae Aquaporin<\/p>\n","protected":false},"featured_media":3791,"comment_status":"open","ping_status":"closed","template":"","meta":[],"product_cat":[96],"product_tag":[],"class_list":{"0":"post-3828","1":"product","2":"type-product","3":"status-publish","4":"has-post-thumbnail","6":"product_cat-el-kremi","7":"pa_problem-cilt-kurulugu-ve-sertlesmesi","8":"pa_problem-cilt-mikrobiyomunun-dengesizligi","9":"pa_problem-cilt-phinin-bozulmasi","10":"pa_problem-post-mantar-durumu","12":"first","13":"instock","14":"shipping-taxable","15":"purchasable","16":"product-type-simple"},"_links":{"self":[{"href":"https:\/\/rufus.com.tr\/ru\/wp-json\/wp\/v2\/product\/3828","targetHints":{"allow":["GET"]}}],"collection":[{"href":"https:\/\/rufus.com.tr\/ru\/wp-json\/wp\/v2\/product"}],"about":[{"href":"https:\/\/rufus.com.tr\/ru\/wp-json\/wp\/v2\/types\/product"}],"replies":[{"embeddable":true,"href":"https:\/\/rufus.com.tr\/ru\/wp-json\/wp\/v2\/comments?post=3828"}],"version-history":[{"count":1,"href":"https:\/\/rufus.com.tr\/ru\/wp-json\/wp\/v2\/product\/3828\/revisions"}],"predecessor-version":[{"id":6654,"href":"https:\/\/rufus.com.tr\/ru\/wp-json\/wp\/v2\/product\/3828\/revisions\/6654"}],"wp:featuredmedia":[{"embeddable":true,"href":"https:\/\/rufus.com.tr\/ru\/wp-json\/wp\/v2\/media\/3791"}],"wp:attachment":[{"href":"https:\/\/rufus.com.tr\/ru\/wp-json\/wp\/v2\/media?parent=3828"}],"wp:term":[{"taxonomy":"product_cat","embeddable":true,"href":"https:\/\/rufus.com.tr\/ru\/wp-json\/wp\/v2\/product_cat?post=3828"},{"taxonomy":"product_tag","embeddable":true,"href":"https:\/\/rufus.com.tr\/ru\/wp-json\/wp\/v2\/product_tag?post=3828"}],"curies":[{"name":"wp","href":"https:\/\/api.w.org\/{rel}","templated":true}]}}