{"id":3685,"date":"2025-07-18T12:23:22","date_gmt":"2025-07-18T12:23:22","guid":{"rendered":"https:\/\/rufus.com.tr\/shop\/mollis-universal-3-in-1-50ml\/"},"modified":"2026-01-14T23:51:40","modified_gmt":"2026-01-14T20:51:40","slug":"mollis-universal-3-in-1-50ml","status":"publish","type":"product","link":"https:\/\/rufus.com.tr\/uk\/product\/mollis-universal-3-in-1-50ml\/","title":{"rendered":"MOLLIS REMOVER 3 in1 50 ml"},"content":{"rendered":"<p>Profesyonel manik\u00fcr ve pedik\u00fcr i\u00e7in probiyotikli k\u00fctik\u00fcl temizleyici<br \/>\n%20 \u00dcre | pH 5,5 | Spirulina | Hydagen\u00ae Aquaporin<\/p>\n<p>K\u00fctik\u00fcl\u00fc h\u0131zl\u0131 ve nazik\u00e7e giderir, en sert ve yap\u0131\u015fkan dokularda bile etkili. Jel dokusu akmay\u0131 \u00f6nler, hassas uygulama sa\u011flar. N\u00f6tralizasyon gerektirmez, cildin do\u011fal pH\u2019\u0131n\u0131 korur ve d\u00fczenli kullan\u0131m i\u00e7in idealdir.<\/p>\n<p>\u00dcr\u00fcn konsepti: Form\u00fcl pH dengesini korur ve mikrobiyomu destekler.<\/p>\n","protected":false},"excerpt":{"rendered":"<p>Profesyonel manik\u00fcr ve pedik\u00fcr i\u00e7in probiyotikli k\u00fctik\u00fcl temizleyici %20 \u00dcre | pH 5,5 | Spirulina | Hydagen\u00ae Aquaporin K\u00fctik\u00fcl\u00fc h\u0131zl\u0131 ve nazik\u00e7e&hellip;<\/p>\n","protected":false},"featured_media":3603,"comment_status":"open","ping_status":"closed","template":"","meta":[],"product_cat":[84],"product_tag":[],"class_list":{"0":"post-3685","1":"product","2":"type-product","3":"status-publish","4":"has-post-thumbnail","6":"product_cat-keratolitik-expert","8":"first","9":"instock","10":"shipping-taxable","11":"purchasable","12":"product-type-simple"},"_links":{"self":[{"href":"https:\/\/rufus.com.tr\/uk\/wp-json\/wp\/v2\/product\/3685","targetHints":{"allow":["GET"]}}],"collection":[{"href":"https:\/\/rufus.com.tr\/uk\/wp-json\/wp\/v2\/product"}],"about":[{"href":"https:\/\/rufus.com.tr\/uk\/wp-json\/wp\/v2\/types\/product"}],"replies":[{"embeddable":true,"href":"https:\/\/rufus.com.tr\/uk\/wp-json\/wp\/v2\/comments?post=3685"}],"version-history":[{"count":3,"href":"https:\/\/rufus.com.tr\/uk\/wp-json\/wp\/v2\/product\/3685\/revisions"}],"predecessor-version":[{"id":6669,"href":"https:\/\/rufus.com.tr\/uk\/wp-json\/wp\/v2\/product\/3685\/revisions\/6669"}],"wp:featuredmedia":[{"embeddable":true,"href":"https:\/\/rufus.com.tr\/uk\/wp-json\/wp\/v2\/media\/3603"}],"wp:attachment":[{"href":"https:\/\/rufus.com.tr\/uk\/wp-json\/wp\/v2\/media?parent=3685"}],"wp:term":[{"taxonomy":"product_cat","embeddable":true,"href":"https:\/\/rufus.com.tr\/uk\/wp-json\/wp\/v2\/product_cat?post=3685"},{"taxonomy":"product_tag","embeddable":true,"href":"https:\/\/rufus.com.tr\/uk\/wp-json\/wp\/v2\/product_tag?post=3685"}],"curies":[{"name":"wp","href":"https:\/\/api.w.org\/{rel}","templated":true}]}}