{"id":3826,"date":"2025-07-28T10:06:05","date_gmt":"2025-07-28T10:06:05","guid":{"rendered":"https:\/\/rufus.com.tr\/shop\/botanic-oil-complex-biostimulating\/"},"modified":"2026-01-14T23:34:11","modified_gmt":"2026-01-14T20:34:11","slug":"botanic-oil-complex-biostimulating","status":"publish","type":"product","link":"https:\/\/rufus.com.tr\/uk\/product\/botanic-oil-complex-biostimulating\/","title":{"rendered":"BIOSTIMULATING TIRNAK YA\u011eI (BOTANIC OIL)15 ml"},"content":{"rendered":"<p>Benzersiz form\u00fcl\u00fcyle 11 ya\u011f, vitaminler ve kolajen i\u00e7eren bu ya\u011f, t\u0131rnak b\u00fcy\u00fcmesini uyar\u0131r, kutik\u00fcl durumunu iyile\u015ftirir ve cildi yeniler. T\u0131rnak k\u0131r\u0131lmas\u0131n\u0131, soyulmas\u0131n\u0131 ve cilt kurulu\u011funu \u00f6nler, kapsaml\u0131 onar\u0131m ve g\u00fc\u00e7lendirme sa\u011flar.<br \/>\n\u00dcr\u00fcn Konsepti:<br \/>\nSalonda oldu\u011fu gibi g\u00fcnl\u00fck bak\u0131m.<\/p>\n","protected":false},"excerpt":{"rendered":"<p>Biyoaktif Ya\u011f, T\u0131rnak B\u00fcy\u00fcmesini Uyarma ve Cilt Yenilenmesi \u0130\u00e7in \u2013 11 Ya\u011f, Vitaminler ve Kolajen<\/p>\n","protected":false},"featured_media":3775,"comment_status":"open","ping_status":"closed","template":"","meta":[],"product_cat":[95],"product_tag":[],"class_list":{"0":"post-3826","1":"product","2":"type-product","3":"status-publish","4":"has-post-thumbnail","6":"product_cat-oil-takehome","7":"pa_problem-kirilgan-tirnaklar","8":"pa_problem-kurumus-sertlesmis-kutikul","9":"pa_problem-tirnak-etrafindaki-yirtilmalar-ve-enfeksiyon-egilimi","10":"pa_problem-tirnak-yaralanmasi","12":"first","13":"instock","14":"shipping-taxable","15":"purchasable","16":"product-type-simple"},"_links":{"self":[{"href":"https:\/\/rufus.com.tr\/uk\/wp-json\/wp\/v2\/product\/3826","targetHints":{"allow":["GET"]}}],"collection":[{"href":"https:\/\/rufus.com.tr\/uk\/wp-json\/wp\/v2\/product"}],"about":[{"href":"https:\/\/rufus.com.tr\/uk\/wp-json\/wp\/v2\/types\/product"}],"replies":[{"embeddable":true,"href":"https:\/\/rufus.com.tr\/uk\/wp-json\/wp\/v2\/comments?post=3826"}],"version-history":[{"count":1,"href":"https:\/\/rufus.com.tr\/uk\/wp-json\/wp\/v2\/product\/3826\/revisions"}],"predecessor-version":[{"id":6657,"href":"https:\/\/rufus.com.tr\/uk\/wp-json\/wp\/v2\/product\/3826\/revisions\/6657"}],"wp:featuredmedia":[{"embeddable":true,"href":"https:\/\/rufus.com.tr\/uk\/wp-json\/wp\/v2\/media\/3775"}],"wp:attachment":[{"href":"https:\/\/rufus.com.tr\/uk\/wp-json\/wp\/v2\/media?parent=3826"}],"wp:term":[{"taxonomy":"product_cat","embeddable":true,"href":"https:\/\/rufus.com.tr\/uk\/wp-json\/wp\/v2\/product_cat?post=3826"},{"taxonomy":"product_tag","embeddable":true,"href":"https:\/\/rufus.com.tr\/uk\/wp-json\/wp\/v2\/product_tag?post=3826"}],"curies":[{"name":"wp","href":"https:\/\/api.w.org\/{rel}","templated":true}]}}