{"id":3827,"date":"2025-07-28T10:06:06","date_gmt":"2025-07-28T10:06:06","guid":{"rendered":"https:\/\/rufus.com.tr\/shop\/every-day-oil-multi-active15ml\/"},"modified":"2026-01-14T23:32:31","modified_gmt":"2026-01-14T20:32:31","slug":"every-day-oil-multi-active15ml","status":"publish","type":"product","link":"https:\/\/rufus.com.tr\/uk\/product\/every-day-oil-multi-active15ml\/","title":{"rendered":"EVERYDAY TIRNAK YA\u011eI 15 ml"},"content":{"rendered":"<p>T\u0131rnak ve cilt sa\u011fl\u0131\u011f\u0131n\u0131 korumak, k\u0131r\u0131lma ve soyulmay\u0131 \u00f6nlemek, kutik\u00fcl b\u00fcy\u00fcmesini yava\u015flatmak i\u00e7in tasarlanm\u0131\u015f \u00e7ok aktif ya\u011f. Bu ya\u011f, t\u0131rnak pla\u011f\u0131n\u0131 ve cildi yo\u011fun bir \u015fekilde besler, nemlendirir ve yeniler, evde salon bak\u0131m\u0131 etkisi sa\u011flar.<br \/>\n\u00dcr\u00fcn Konsepti:<br \/>\nG\u00fcnl\u00fck bak\u0131m \u2014 g\u00fczellik ve sa\u011fl\u0131k i\u00e7in bir yat\u0131r\u0131m.<\/p>\n","protected":false},"excerpt":{"rendered":"<p>G\u00fcnl\u00fck G\u00fc\u00e7lendirme ve Derin Nemlendirme \u0130\u00e7in T\u0131rnak, Kutik\u00fcl ve Cilt \u00c7evresi<\/p>\n","protected":false},"featured_media":3778,"comment_status":"open","ping_status":"closed","template":"","meta":[],"product_cat":[95],"product_tag":[],"class_list":{"0":"post-3827","1":"product","2":"type-product","3":"status-publish","4":"has-post-thumbnail","6":"product_cat-oil-takehome","7":"pa_problem-kurumus-sertlesmis-kutikul","9":"first","10":"instock","11":"shipping-taxable","12":"purchasable","13":"product-type-simple"},"_links":{"self":[{"href":"https:\/\/rufus.com.tr\/uk\/wp-json\/wp\/v2\/product\/3827","targetHints":{"allow":["GET"]}}],"collection":[{"href":"https:\/\/rufus.com.tr\/uk\/wp-json\/wp\/v2\/product"}],"about":[{"href":"https:\/\/rufus.com.tr\/uk\/wp-json\/wp\/v2\/types\/product"}],"replies":[{"embeddable":true,"href":"https:\/\/rufus.com.tr\/uk\/wp-json\/wp\/v2\/comments?post=3827"}],"version-history":[{"count":2,"href":"https:\/\/rufus.com.tr\/uk\/wp-json\/wp\/v2\/product\/3827\/revisions"}],"predecessor-version":[{"id":6655,"href":"https:\/\/rufus.com.tr\/uk\/wp-json\/wp\/v2\/product\/3827\/revisions\/6655"}],"wp:featuredmedia":[{"embeddable":true,"href":"https:\/\/rufus.com.tr\/uk\/wp-json\/wp\/v2\/media\/3778"}],"wp:attachment":[{"href":"https:\/\/rufus.com.tr\/uk\/wp-json\/wp\/v2\/media?parent=3827"}],"wp:term":[{"taxonomy":"product_cat","embeddable":true,"href":"https:\/\/rufus.com.tr\/uk\/wp-json\/wp\/v2\/product_cat?post=3827"},{"taxonomy":"product_tag","embeddable":true,"href":"https:\/\/rufus.com.tr\/uk\/wp-json\/wp\/v2\/product_tag?post=3827"}],"curies":[{"name":"wp","href":"https:\/\/api.w.org\/{rel}","templated":true}]}}