{"id":3829,"date":"2025-07-28T10:06:06","date_gmt":"2025-07-28T10:06:06","guid":{"rendered":"https:\/\/rufus.com.tr\/shop\/biogenetic-formula-el-kremi-100ml\/"},"modified":"2026-01-14T23:29:52","modified_gmt":"2026-01-14T20:29:52","slug":"biogenetic-formula-el-kremi-100ml","status":"publish","type":"product","link":"https:\/\/rufus.com.tr\/uk\/product\/biogenetic-formula-el-kremi-100ml\/","title":{"rendered":"B\u0130OGENETIC FORMULA\u00a0EL VE V\u00dcCUT\u00a0KREM\u0130 100 ml"},"content":{"rendered":"<p>Yaral\u0131, iltihapl\u0131 ve kuru cilt i\u00e7in derinlemesine nemlendirici, iyile\u015ftirici ve anti-inflamatuar profesyonel krem. Form\u00fcl, cilt mikrobiomunu onar\u0131r, yenilenmeyi sa\u011flar ve bariyer fonksiyonlar\u0131n\u0131 g\u00fc\u00e7lendirir. Patch 20 teknolojisi sayesinde aktif bile\u015fenler, derinin derin katmanlar\u0131na n\u00fcfuz ederek 24 saatlik nemlendirme ve uzun s\u00fcreli etkili bile\u015fenler sa\u011flar.<br \/>\n\u00dcr\u00fcn Konsepti:<br \/>\nMikrobiomu destekler, yerel ba\u011f\u0131\u015f\u0131kl\u0131\u011f\u0131 g\u00fc\u00e7lendirir ve cildin enfeksiyonlara, d\u0131\u015f irritanlara ve ani s\u0131cakl\u0131k de\u011fi\u015fimlerine kar\u015f\u0131 direncini art\u0131r\u0131r.<\/p>\n","protected":false},"excerpt":{"rendered":"<p>Yo\u011fun Yenileyici El Kremi, Seramitler, Bal ve Probiyotikler ile<\/p>\n","protected":false},"featured_media":3794,"comment_status":"open","ping_status":"closed","template":"","meta":[],"product_cat":[96],"product_tag":[],"class_list":{"0":"post-3829","1":"product","2":"type-product","3":"status-publish","4":"has-post-thumbnail","6":"product_cat-el-kremi","7":"pa_problem-ayak-cildi-yaralanmalari","8":"pa_problem-bakteriyel-enfeksiyonlar","9":"pa_problem-cilt-bariyer-fonksiyonunun-bozulmasi","10":"pa_problem-cilt-kurulugu-ve-sertlesmesi","11":"pa_problem-cilt-mikrobiyomunun-dengesizligi","12":"pa_problem-cilt-phinin-bozulmasi","13":"pa_problem-doku-iyilesmesinin-yavaslamasi","14":"pa_problem-hiperkeratoz","15":"pa_problem-kronik-enflamasyonlar","16":"pa_problem-macerasyon","17":"pa_problem-post-mantar-durumu","18":"pa_problem-tirnak-altindaki-hematomlar","19":"pa_problem-tirnak-yaralanmasi","21":"first","22":"instock","23":"shipping-taxable","24":"purchasable","25":"product-type-simple"},"_links":{"self":[{"href":"https:\/\/rufus.com.tr\/uk\/wp-json\/wp\/v2\/product\/3829","targetHints":{"allow":["GET"]}}],"collection":[{"href":"https:\/\/rufus.com.tr\/uk\/wp-json\/wp\/v2\/product"}],"about":[{"href":"https:\/\/rufus.com.tr\/uk\/wp-json\/wp\/v2\/types\/product"}],"replies":[{"embeddable":true,"href":"https:\/\/rufus.com.tr\/uk\/wp-json\/wp\/v2\/comments?post=3829"}],"version-history":[{"count":1,"href":"https:\/\/rufus.com.tr\/uk\/wp-json\/wp\/v2\/product\/3829\/revisions"}],"predecessor-version":[{"id":6653,"href":"https:\/\/rufus.com.tr\/uk\/wp-json\/wp\/v2\/product\/3829\/revisions\/6653"}],"wp:featuredmedia":[{"embeddable":true,"href":"https:\/\/rufus.com.tr\/uk\/wp-json\/wp\/v2\/media\/3794"}],"wp:attachment":[{"href":"https:\/\/rufus.com.tr\/uk\/wp-json\/wp\/v2\/media?parent=3829"}],"wp:term":[{"taxonomy":"product_cat","embeddable":true,"href":"https:\/\/rufus.com.tr\/uk\/wp-json\/wp\/v2\/product_cat?post=3829"},{"taxonomy":"product_tag","embeddable":true,"href":"https:\/\/rufus.com.tr\/uk\/wp-json\/wp\/v2\/product_tag?post=3829"}],"curies":[{"name":"wp","href":"https:\/\/api.w.org\/{rel}","templated":true}]}}