{"id":3830,"date":"2025-07-28T10:06:06","date_gmt":"2025-07-28T10:06:06","guid":{"rendered":"https:\/\/rufus.com.tr\/shop\/protector-balance-ayak-kremi-100ml\/"},"modified":"2026-01-14T23:28:46","modified_gmt":"2026-01-14T20:28:46","slug":"protector-balance-ayak-kremi-100ml","status":"publish","type":"product","link":"https:\/\/rufus.com.tr\/uk\/product\/protector-balance-ayak-kremi-100ml\/","title":{"rendered":"PROTECTOR BALANCE AYAK KREM\u0130 100 ml"},"content":{"rendered":"<p>Cildin bariyer fonksiyonlar\u0131n\u0131 onar\u0131r, mikrobiomu destekler, iltihaplar\u0131 azalt\u0131r ve koruyucu fonksiyonlar\u0131 g\u00fc\u00e7lendirir. Hem podoloji prati\u011finde hem de evde destekleyici bak\u0131m olarak kullan\u0131m i\u00e7in idealdir.<br \/>\n\u00dcr\u00fcn Konsepti:<br \/>\nA vitamini, E vitamini ve pantenol (B5) i\u00e7eren g\u00fc\u00e7l\u00fc bir vitamin kompleksi ile form\u00fcle edilmi\u015ftir. Bu form\u00fcl, cildin derinlemesine nemlenmesini ve onar\u0131m\u0131n\u0131 aktive eder.<\/p>\n","protected":false},"excerpt":{"rendered":"<p>Hassas ve Hasara Yatk\u0131n Ciltler \u0130\u00e7in Profesyonel Krem, Diyabetik Ayak Dahil<\/p>\n","protected":false},"featured_media":3797,"comment_status":"open","ping_status":"closed","template":"","meta":[],"product_cat":[97],"product_tag":[],"class_list":{"0":"post-3830","1":"product","2":"type-product","3":"status-publish","4":"has-post-thumbnail","6":"product_cat-ayak-kremi-takehome","7":"pa_problem-cilt-bariyer-fonksiyonunun-bozulmasi","8":"pa_problem-cilt-kurulugu-ve-sertlesmesi","9":"pa_problem-cilt-mikrobiyomunun-dengesizligi","10":"pa_problem-cilt-phinin-bozulmasi","11":"pa_problem-hiperkeratoz","12":"pa_problem-post-mantar-durumu","14":"first","15":"instock","16":"shipping-taxable","17":"purchasable","18":"product-type-simple"},"_links":{"self":[{"href":"https:\/\/rufus.com.tr\/uk\/wp-json\/wp\/v2\/product\/3830","targetHints":{"allow":["GET"]}}],"collection":[{"href":"https:\/\/rufus.com.tr\/uk\/wp-json\/wp\/v2\/product"}],"about":[{"href":"https:\/\/rufus.com.tr\/uk\/wp-json\/wp\/v2\/types\/product"}],"replies":[{"embeddable":true,"href":"https:\/\/rufus.com.tr\/uk\/wp-json\/wp\/v2\/comments?post=3830"}],"version-history":[{"count":1,"href":"https:\/\/rufus.com.tr\/uk\/wp-json\/wp\/v2\/product\/3830\/revisions"}],"predecessor-version":[{"id":6652,"href":"https:\/\/rufus.com.tr\/uk\/wp-json\/wp\/v2\/product\/3830\/revisions\/6652"}],"wp:featuredmedia":[{"embeddable":true,"href":"https:\/\/rufus.com.tr\/uk\/wp-json\/wp\/v2\/media\/3797"}],"wp:attachment":[{"href":"https:\/\/rufus.com.tr\/uk\/wp-json\/wp\/v2\/media?parent=3830"}],"wp:term":[{"taxonomy":"product_cat","embeddable":true,"href":"https:\/\/rufus.com.tr\/uk\/wp-json\/wp\/v2\/product_cat?post=3830"},{"taxonomy":"product_tag","embeddable":true,"href":"https:\/\/rufus.com.tr\/uk\/wp-json\/wp\/v2\/product_tag?post=3830"}],"curies":[{"name":"wp","href":"https:\/\/api.w.org\/{rel}","templated":true}]}}