{"id":3831,"date":"2025-07-28T10:06:07","date_gmt":"2025-07-28T10:06:07","guid":{"rendered":"https:\/\/rufus.com.tr\/shop\/derma-foot-ayak-kremi-400ml\/"},"modified":"2026-04-09T10:32:21","modified_gmt":"2026-04-09T07:32:21","slug":"derma-foot-ayak-kremi-400ml","status":"publish","type":"product","link":"https:\/\/rufus.com.tr\/uk\/product\/derma-foot-ayak-kremi-400ml\/","title":{"rendered":"DERMA FOOT AYAK KREM\u0130 100 ml"},"content":{"rendered":"<p>Derin nemlendirmeyi aktive eder<br \/>\nDoku yenilenmesini h\u0131zland\u0131r\u0131r<br \/>\nDerinin tekrar sertle\u015fmesini \u00f6nler<\/p>\n<p>\u00dcr\u00fcn konsepti: Hydagen\u00ae Aquaporin teknolojisi ve y\u00fcksek \u00fcre konsantrasyonu kullan\u0131larak, cildin do\u011fal nemlendirme s\u00fcre\u00e7lerini aktive etmek amac\u0131yla geli\u015ftirilmi\u015ftir.<\/p>\n","protected":false},"excerpt":{"rendered":"<p>%20 \u00dcre, \u00e7oklu-peptit kompleksi, Hydagen\u00ae Aquaporin teknolojisi<br \/>\nKurumu\u015f, kal\u0131nla\u015fm\u0131\u015f ve hiperkeratozlu topuk derisi i\u00e7in yo\u011fun nemlendirici krem<\/p>\n","protected":false},"featured_media":3800,"comment_status":"open","ping_status":"closed","template":"","meta":[],"product_cat":[97],"product_tag":[],"class_list":{"0":"post-3831","1":"product","2":"type-product","3":"status-publish","4":"has-post-thumbnail","6":"product_cat-ayak-kremi-takehome","7":"pa_problem-bakteriyel-enfeksiyonlar","8":"pa_problem-cilt-bariyer-fonksiyonunun-bozulmasi","9":"pa_problem-cilt-mikrobiyomunun-dengesizligi","10":"pa_problem-cilt-phinin-bozulmasi","11":"pa_problem-hiperkeratoz","12":"pa_problem-mozoller-ve-nasirlar","13":"pa_problem-topuklardaki-catlaklar","15":"first","16":"instock","17":"shipping-taxable","18":"purchasable","19":"product-type-simple"},"_links":{"self":[{"href":"https:\/\/rufus.com.tr\/uk\/wp-json\/wp\/v2\/product\/3831","targetHints":{"allow":["GET"]}}],"collection":[{"href":"https:\/\/rufus.com.tr\/uk\/wp-json\/wp\/v2\/product"}],"about":[{"href":"https:\/\/rufus.com.tr\/uk\/wp-json\/wp\/v2\/types\/product"}],"replies":[{"embeddable":true,"href":"https:\/\/rufus.com.tr\/uk\/wp-json\/wp\/v2\/comments?post=3831"}],"version-history":[{"count":1,"href":"https:\/\/rufus.com.tr\/uk\/wp-json\/wp\/v2\/product\/3831\/revisions"}],"predecessor-version":[{"id":6651,"href":"https:\/\/rufus.com.tr\/uk\/wp-json\/wp\/v2\/product\/3831\/revisions\/6651"}],"wp:featuredmedia":[{"embeddable":true,"href":"https:\/\/rufus.com.tr\/uk\/wp-json\/wp\/v2\/media\/3800"}],"wp:attachment":[{"href":"https:\/\/rufus.com.tr\/uk\/wp-json\/wp\/v2\/media?parent=3831"}],"wp:term":[{"taxonomy":"product_cat","embeddable":true,"href":"https:\/\/rufus.com.tr\/uk\/wp-json\/wp\/v2\/product_cat?post=3831"},{"taxonomy":"product_tag","embeddable":true,"href":"https:\/\/rufus.com.tr\/uk\/wp-json\/wp\/v2\/product_tag?post=3831"}],"curies":[{"name":"wp","href":"https:\/\/api.w.org\/{rel}","templated":true}]}}