{"id":3834,"date":"2025-07-28T10:06:08","date_gmt":"2025-07-28T10:06:08","guid":{"rendered":"https:\/\/rufus.com.tr\/shop\/modum-zincspray-200ml\/"},"modified":"2026-01-14T23:21:29","modified_gmt":"2026-01-14T20:21:29","slug":"modum-zincspray-200ml","status":"publish","type":"product","link":"https:\/\/rufus.com.tr\/uk\/product\/modum-zincspray-200ml\/","title":{"rendered":"MODUM \u00c7\u0130NKO\u00a0AYAK\u00a0SPREY\u0130 200 ml"},"content":{"rendered":"<p>A\u015f\u0131r\u0131 terlemeye e\u011filimli ayak ve v\u00fccut cildi i\u00e7in sprey, k\u00f6t\u00fc kokuyu n\u00f6tralize eder, terlemeyi d\u00fczenler ve cilt bariyerini g\u00fc\u00e7lendirir. Hiperhidroz, makerasyon ve cilt hassasiyetinin artt\u0131\u011f\u0131 durumlar i\u00e7in geli\u015ftirilmi\u015ftir. D\u00fczenli evde kullan\u0131m i\u00e7in uygundur.<br \/>\n\u00dcr\u00fcn Konsepti:<br \/>\nCildin fizyolojik durumunu destekler ve mikrobiyomu yeniler.<\/p>\n","protected":false},"excerpt":{"rendered":"<p>Spray &#8211; antibakteriyel, sebor\u00fclat\u00f6r ve deodorize edici etkisiyle bak\u0131m. \u00c7inko, zerde\u00e7al, kekik ve kadife \u00e7i\u00e7e\u011fi ile ayak ve v\u00fccut cildini korur ve rahatlat\u0131r.<\/p>\n","protected":false},"featured_media":3803,"comment_status":"open","ping_status":"closed","template":"","meta":[],"product_cat":[83,99],"product_tag":[],"class_list":{"0":"post-3834","1":"product","2":"type-product","3":"status-publish","4":"has-post-thumbnail","6":"product_cat-expert","7":"product_cat-zinc-takehome","8":"pa_problem-hiperhidroz","9":"pa_problem-macerasyon","11":"first","12":"instock","13":"shipping-taxable","14":"purchasable","15":"product-type-simple"},"_links":{"self":[{"href":"https:\/\/rufus.com.tr\/uk\/wp-json\/wp\/v2\/product\/3834","targetHints":{"allow":["GET"]}}],"collection":[{"href":"https:\/\/rufus.com.tr\/uk\/wp-json\/wp\/v2\/product"}],"about":[{"href":"https:\/\/rufus.com.tr\/uk\/wp-json\/wp\/v2\/types\/product"}],"replies":[{"embeddable":true,"href":"https:\/\/rufus.com.tr\/uk\/wp-json\/wp\/v2\/comments?post=3834"}],"version-history":[{"count":3,"href":"https:\/\/rufus.com.tr\/uk\/wp-json\/wp\/v2\/product\/3834\/revisions"}],"predecessor-version":[{"id":6649,"href":"https:\/\/rufus.com.tr\/uk\/wp-json\/wp\/v2\/product\/3834\/revisions\/6649"}],"wp:featuredmedia":[{"embeddable":true,"href":"https:\/\/rufus.com.tr\/uk\/wp-json\/wp\/v2\/media\/3803"}],"wp:attachment":[{"href":"https:\/\/rufus.com.tr\/uk\/wp-json\/wp\/v2\/media?parent=3834"}],"wp:term":[{"taxonomy":"product_cat","embeddable":true,"href":"https:\/\/rufus.com.tr\/uk\/wp-json\/wp\/v2\/product_cat?post=3834"},{"taxonomy":"product_tag","embeddable":true,"href":"https:\/\/rufus.com.tr\/uk\/wp-json\/wp\/v2\/product_tag?post=3834"}],"curies":[{"name":"wp","href":"https:\/\/api.w.org\/{rel}","templated":true}]}}