{"id":3835,"date":"2025-07-28T10:06:08","date_gmt":"2025-07-28T10:06:08","guid":{"rendered":"https:\/\/rufus.com.tr\/shop\/miko-dermspray-200ml\/"},"modified":"2026-01-14T23:19:33","modified_gmt":"2026-01-14T20:19:33","slug":"miko-dermspray-200ml","status":"publish","type":"product","link":"https:\/\/rufus.com.tr\/uk\/product\/miko-dermspray-200ml\/","title":{"rendered":"MIKODERM C\u0130LT VE AYAK SPREY\u0130 (MIKONATURE) 200 ml"},"content":{"rendered":"<p>Aktif insanlar, sporcular ve s\u0131k s\u0131k nemli ortamlara maruz kalan ya da kapal\u0131 ayakkab\u0131 giyenler i\u00e7in profesyonel bir bak\u0131m \u00fcr\u00fcn\u00fc. Sprey, k\u00f6t\u00fc kokular\u0131 n\u00f6tralize eder ve terlemeyi d\u00fczenler, hiperhidroz ve bromhidrozu kontrol etmeye yard\u0131mc\u0131 olur, ayr\u0131ca cildin fizyolojik dengesini korur.<br \/>\n\u00dcr\u00fcn Konsepti:<br \/>\npH kontrol teknolojisi ve g\u00fc\u00e7l\u00fc aktif bile\u015fenler kompleksi ile form\u00fcle edilmi\u015ftir.<\/p>\n","protected":false},"excerpt":{"rendered":"<p>\u0130novatif v\u00fccut ve ayak bak\u0131m\u0131 spreyi, pH kontrol teknolojisi ile<br \/>\nSpirulina, Hyaluron, Probiyotik<\/p>\n","protected":false},"featured_media":3805,"comment_status":"open","ping_status":"closed","template":"","meta":[],"product_cat":[83,100],"product_tag":[101],"class_list":{"0":"post-3835","1":"product","2":"type-product","3":"status-publish","4":"has-post-thumbnail","6":"product_cat-expert","7":"product_cat-spray","8":"product_tag-bestseller","9":"pa_problem-hiperhidroz","11":"first","12":"instock","13":"shipping-taxable","14":"purchasable","15":"product-type-simple"},"_links":{"self":[{"href":"https:\/\/rufus.com.tr\/uk\/wp-json\/wp\/v2\/product\/3835","targetHints":{"allow":["GET"]}}],"collection":[{"href":"https:\/\/rufus.com.tr\/uk\/wp-json\/wp\/v2\/product"}],"about":[{"href":"https:\/\/rufus.com.tr\/uk\/wp-json\/wp\/v2\/types\/product"}],"replies":[{"embeddable":true,"href":"https:\/\/rufus.com.tr\/uk\/wp-json\/wp\/v2\/comments?post=3835"}],"version-history":[{"count":4,"href":"https:\/\/rufus.com.tr\/uk\/wp-json\/wp\/v2\/product\/3835\/revisions"}],"predecessor-version":[{"id":6648,"href":"https:\/\/rufus.com.tr\/uk\/wp-json\/wp\/v2\/product\/3835\/revisions\/6648"}],"wp:featuredmedia":[{"embeddable":true,"href":"https:\/\/rufus.com.tr\/uk\/wp-json\/wp\/v2\/media\/3805"}],"wp:attachment":[{"href":"https:\/\/rufus.com.tr\/uk\/wp-json\/wp\/v2\/media?parent=3835"}],"wp:term":[{"taxonomy":"product_cat","embeddable":true,"href":"https:\/\/rufus.com.tr\/uk\/wp-json\/wp\/v2\/product_cat?post=3835"},{"taxonomy":"product_tag","embeddable":true,"href":"https:\/\/rufus.com.tr\/uk\/wp-json\/wp\/v2\/product_tag?post=3835"}],"curies":[{"name":"wp","href":"https:\/\/api.w.org\/{rel}","templated":true}]}}