{"id":6692,"date":"2026-01-15T00:34:02","date_gmt":"2026-01-14T21:34:02","guid":{"rendered":"https:\/\/rufus.com.tr\/?post_type=product&#038;p=6692"},"modified":"2026-01-15T00:37:08","modified_gmt":"2026-01-14T21:37:08","slug":"shoe-deo-ayakkabi-spreyi-200-ml","status":"publish","type":"product","link":"https:\/\/rufus.com.tr\/uk\/product\/shoe-deo-ayakkabi-spreyi-200-ml\/","title":{"rendered":"SHOE DEO (AYAKKABI SPREY\u0130) 200 ml"},"content":{"rendered":"<p>Ayakkab\u0131lardaki bakteri, mantar ve k\u00f6t\u00fc kokular\u0131 gidermek \u00fczere form\u00fcle edilmi\u015ftir. Ayakkab\u0131 i\u00e7ine bir iki f\u0131s uygulad\u0131ktan sonra ayakkab\u0131y\u0131 giymeden bir dakika kadar bekleyiniz. Do\u011frudan cilde uygulamay\u0131n\u0131z.<\/p>\n","protected":false},"excerpt":{"rendered":"<p>Ayakkab\u0131lardaki bakteri, mantar ve k\u00f6t\u00fc kokular\u0131 gidermek \u00fczere form\u00fcle edilmi\u015ftir. Ayakkab\u0131 i\u00e7ine bir iki f\u0131s uygulad\u0131ktan sonra ayakkab\u0131y\u0131 giymeden bir dakika kadar&hellip;<\/p>\n","protected":false},"featured_media":6693,"comment_status":"open","ping_status":"closed","template":"","meta":[],"product_cat":[],"product_tag":[],"class_list":{"0":"post-6692","1":"product","2":"type-product","3":"status-publish","4":"has-post-thumbnail","7":"first","8":"instock","9":"sale","10":"shipping-taxable","11":"purchasable","12":"product-type-simple"},"_links":{"self":[{"href":"https:\/\/rufus.com.tr\/uk\/wp-json\/wp\/v2\/product\/6692","targetHints":{"allow":["GET"]}}],"collection":[{"href":"https:\/\/rufus.com.tr\/uk\/wp-json\/wp\/v2\/product"}],"about":[{"href":"https:\/\/rufus.com.tr\/uk\/wp-json\/wp\/v2\/types\/product"}],"replies":[{"embeddable":true,"href":"https:\/\/rufus.com.tr\/uk\/wp-json\/wp\/v2\/comments?post=6692"}],"version-history":[{"count":1,"href":"https:\/\/rufus.com.tr\/uk\/wp-json\/wp\/v2\/product\/6692\/revisions"}],"predecessor-version":[{"id":6701,"href":"https:\/\/rufus.com.tr\/uk\/wp-json\/wp\/v2\/product\/6692\/revisions\/6701"}],"wp:featuredmedia":[{"embeddable":true,"href":"https:\/\/rufus.com.tr\/uk\/wp-json\/wp\/v2\/media\/6693"}],"wp:attachment":[{"href":"https:\/\/rufus.com.tr\/uk\/wp-json\/wp\/v2\/media?parent=6692"}],"wp:term":[{"taxonomy":"product_cat","embeddable":true,"href":"https:\/\/rufus.com.tr\/uk\/wp-json\/wp\/v2\/product_cat?post=6692"},{"taxonomy":"product_tag","embeddable":true,"href":"https:\/\/rufus.com.tr\/uk\/wp-json\/wp\/v2\/product_tag?post=6692"}],"curies":[{"name":"wp","href":"https:\/\/api.w.org\/{rel}","templated":true}]}}